{"id":1032,"date":"2019-09-17T14:06:18","date_gmt":"2019-09-17T12:06:18","guid":{"rendered":"https:\/\/2-lions.de\/home\/?page_id=1032"},"modified":"2020-01-14T10:44:43","modified_gmt":"2020-01-14T09:44:43","slug":"ford-autohaus-einicke","status":"publish","type":"page","link":"https:\/\/2-lions.de\/home\/ford-autohaus-einicke\/","title":{"rendered":"Ford Autohaus Einicke"},"content":{"rendered":"<h1 style=\"text-align: center;\">Ford Autohaus Einicke<\/h1>\n<p style=\"text-align: center;\">Im Zeitalter von E-Commerce und Digitalisierung verkauft das Autohaus Einicke mittlerweile deutlich mehr Fahrzeuge \u00fcber Online-Plattformen als direkt an den Kunden vor Ort.<\/p>\n<p style=\"text-align: center;\">Und gerade auf digitalen Kan\u00e4len kann die pers\u00f6nliche Note den entscheidenden Wettbewerbsvorteil bringen: Der Imagefilm des Autohauses, auf der Website eingebunden und im digitalen Kundenkontakt eingesetzt, bringt potentiellen K\u00e4ufern das Unternehmen und die Menschen n\u00e4her, die hinter dem Verkauf von Autos stehen.<\/p>\n","protected":false},"excerpt":{"rendered":"<p>Ford Autohaus Einicke Im Zeitalter von E-Commerce und Digitalisierung verkauft das Autohaus Einicke mittlerweile deutlich mehr Fahrzeuge \u00fcber Online-Plattformen als direkt an den Kunden vor Ort. Und gerade auf digitalen Kan\u00e4len kann die pers\u00f6nliche Note den entscheidenden Wettbewerbsvorteil bringen: Der Imagefilm des Autohauses, auf der Website eingebunden und im digitalen Kundenkontakt eingesetzt, bringt potentiellen K\u00e4ufern [&hellip;]<\/p>\n","protected":false},"author":2,"featured_media":0,"parent":0,"menu_order":0,"comment_status":"closed","ping_status":"closed","template":"","meta":{"_vp_format_video_url":"","_vp_image_focal_point":[]},"_links":{"self":[{"href":"https:\/\/2-lions.de\/home\/wp-json\/wp\/v2\/pages\/1032"}],"collection":[{"href":"https:\/\/2-lions.de\/home\/wp-json\/wp\/v2\/pages"}],"about":[{"href":"https:\/\/2-lions.de\/home\/wp-json\/wp\/v2\/types\/page"}],"author":[{"embeddable":true,"href":"https:\/\/2-lions.de\/home\/wp-json\/wp\/v2\/users\/2"}],"replies":[{"embeddable":true,"href":"https:\/\/2-lions.de\/home\/wp-json\/wp\/v2\/comments?post=1032"}],"version-history":[{"count":10,"href":"https:\/\/2-lions.de\/home\/wp-json\/wp\/v2\/pages\/1032\/revisions"}],"predecessor-version":[{"id":1869,"href":"https:\/\/2-lions.de\/home\/wp-json\/wp\/v2\/pages\/1032\/revisions\/1869"}],"wp:attachment":[{"href":"https:\/\/2-lions.de\/home\/wp-json\/wp\/v2\/media?parent=1032"}],"curies":[{"name":"wp","href":"https:\/\/api.w.org\/{rel}","templated":true}]}}