{"id":1596,"date":"2019-12-05T15:21:51","date_gmt":"2019-12-05T14:21:51","guid":{"rendered":"https:\/\/2-lions.de\/home\/?page_id=1596"},"modified":"2022-09-07T17:54:59","modified_gmt":"2022-09-07T15:54:59","slug":"startpage-rebuild","status":"publish","type":"page","link":"https:\/\/2-lions.de\/home\/","title":{"rendered":"Startpage Rebuild"},"content":{"rendered":"<h1 style=\"text-align: center;\"><strong>2 LIONS<\/strong><\/h1>\n<h2 style=\"text-align: center;\">Vernetzung.<\/h2>\n<h2 style=\"text-align: center;\">Kommunikation.<\/h2>\n<h2 style=\"text-align: center;\">Erlebnisse.<\/h2>\n<h3><strong>Hungrig auf die Jagd<\/strong><\/h3>\n<p>Wie alle L\u00f6wen lieben auch wir die Aufmerksamkeit \u2013 vor allem die, die die Kunden unserer Kunden unseren Kunden schenken.<\/p>\n<p>Oder anders gesagt: Wir tun alles, damit unsere Kunden die Aufmerksamkeit bekommen, die sie verdienen, um Umsatz und Ergebnis zu steigern \u2013 und zwar nachhaltig.<\/p>\n<h3><strong>Die Beute fest im Blick<\/strong><\/h3>\n<p>Als dynamisches Team gehen wir stets gemeinsam auf die Pirsch. Bei der Jagd sind unsere Kunden nat\u00fcrlich ein fester Bestandteil des Rudels.<\/p>\n<p>Auf unvorhergesehene Ereignisse k\u00f6nnen wir durch unser agiles Arbeiten stets flexibel reagieren. Und da wir jung sind und gerne auch noch spielen, schleichen wir uns manchmal auch auf unkonventionellen Wegen an die uns gesetzten Ziele heran.<\/p>\n<h3><strong>Auf sicheren Tatzen zum Erfolg<\/strong><\/h3>\n<p>In unserem Revier kennen wir uns hervorragend aus. Auf sicheren Tatzen bewegen wir uns geschmeidig \u00fcber unser Terrain.<\/p>\n<p>Dabei navigieren wir sicher durch digitale Savannen und analoge Steppen. Und deshalb wissen wir auch genau, welcher Mix aus On-Lion-Wegen und Off-Lion-Pfaden am besten dazu geeignet ist, die Ziele unserer Kunden zu erreichen.<\/p>\n<h1>Unsere Projekte<\/h1>\n\n<div class=\"vp-portfolio vp-uid-03b354b7 vp-id-1667  vp-portfolio__stretch noLightbox\"\n    data-vp-layout=\"justified\" data-vp-content-source=\"images\" data-vp-items-style=\"fade\" data-vp-items-click-action=\"url\" data-vp-items-gap=\"2\" data-vp-items-gap-vertical=\"\" data-vp-pagination=\"load-more\" data-vp-next-page-url=\"\" data-vp-justified-row-height=\"263\" data-vp-justified-row-height-tolerance=\"0.1\" data-vp-justified-max-rows-count=\"0\" data-vp-justified-last-row=\"left\" >\n    <div class=\"vp-portfolio__preloader-wrap\">\n        <div class=\"vp-portfolio__preloader\">\n            <img loading=\"eager\" src=\"https:\/\/2-lions.de\/wp-content\/plugins\/visual-portfolio\/assets\/images\/logo-dark.svg\" alt=\"Visual Portfolio, Posts &amp; Image Gallery for WordPress\" width=\"20\" height=\"20\" data-skip-lazy>\n        <\/div>\n    <\/div>\n        <div class=\"vp-portfolio__items-wrap\">\n            \n<div class=\"vp-portfolio__items vp-portfolio__items-style-fade vp-portfolio__items-show-overlay-hover\">\n\n        <div class=\"vp-portfolio__item-wrap vp-portfolio__item-uid-8057e652\" data-vp-filter=\"\">\n                                    <figure class=\"vp-portfolio__item\">\n                \n<div class=\"vp-portfolio__item-img-wrap\">\n    <div class=\"vp-portfolio__item-img\">\n        <a  href=\"https:\/\/2-lions.de\/home\/ingenieurbuero-zeisig\/\" >\n        <img width=\"1758\" height=\"990\" src=\"https:\/\/2-lions.de\/wp-content\/uploads\/2019\/12\/ibz.png\" class=\"wp-image-1782\" alt=\"\" loading=\"lazy\" srcset=\"https:\/\/2-lions.de\/wp-content\/uploads\/2019\/12\/ibz.png 1758w, https:\/\/2-lions.de\/wp-content\/uploads\/2019\/12\/ibz-300x169.png 300w, https:\/\/2-lions.de\/wp-content\/uploads\/2019\/12\/ibz-768x432.png 768w, https:\/\/2-lions.de\/wp-content\/uploads\/2019\/12\/ibz-1030x580.png 1030w, https:\/\/2-lions.de\/wp-content\/uploads\/2019\/12\/ibz-500x282.png 500w, https:\/\/2-lions.de\/wp-content\/uploads\/2019\/12\/ibz-800x451.png 800w, https:\/\/2-lions.de\/wp-content\/uploads\/2019\/12\/ibz-1280x721.png 1280w, https:\/\/2-lions.de\/wp-content\/uploads\/2019\/12\/ibz-1500x845.png 1500w, https:\/\/2-lions.de\/wp-content\/uploads\/2019\/12\/ibz-705x397.png 705w, https:\/\/2-lions.de\/wp-content\/uploads\/2019\/12\/ibz-450x253.png 450w\" sizes=\"(max-width: 1758px) 100vw, 1758px\" \/>\n        <\/a>    <\/div>\n<\/div>\n\n<figcaption class=\"vp-portfolio__item-overlay vp-portfolio__item-align-center\">\n    <div class=\"vp-portfolio__item-meta-wrap vp-portfolio__custom-scrollbar\">\n        <a  href=\"https:\/\/2-lions.de\/home\/ingenieurbuero-zeisig\/\" tabindex=\"-1\" class=\"vp-portfolio__item-meta\" >\n        \n<h2 class=\"vp-portfolio__item-meta-title\">\n    ibz<\/h2>\n\n        <\/a>    <\/div>\n<\/figcaption>\n            <\/figure>\n                    <\/div>\n        \n        <div class=\"vp-portfolio__item-wrap vp-portfolio__item-uid-92320428\" data-vp-filter=\"\">\n                                    <figure class=\"vp-portfolio__item\">\n                \n<div class=\"vp-portfolio__item-img-wrap\">\n    <div class=\"vp-portfolio__item-img\">\n        <a  href=\"https:\/\/2-lions.de\/home\/ford-autohaus-einicke\/\" >\n        <img width=\"1370\" height=\"840\" src=\"https:\/\/2-lions.de\/wp-content\/uploads\/2019\/09\/autohaus_einicke.jpg\" class=\"wp-image-1308\" alt=\"\" loading=\"lazy\" srcset=\"https:\/\/2-lions.de\/wp-content\/uploads\/2019\/09\/autohaus_einicke.jpg 1370w, https:\/\/2-lions.de\/wp-content\/uploads\/2019\/09\/autohaus_einicke-300x184.jpg 300w, https:\/\/2-lions.de\/wp-content\/uploads\/2019\/09\/autohaus_einicke-768x471.jpg 768w, https:\/\/2-lions.de\/wp-content\/uploads\/2019\/09\/autohaus_einicke-1030x632.jpg 1030w, https:\/\/2-lions.de\/wp-content\/uploads\/2019\/09\/autohaus_einicke-500x307.jpg 500w, https:\/\/2-lions.de\/wp-content\/uploads\/2019\/09\/autohaus_einicke-800x491.jpg 800w, https:\/\/2-lions.de\/wp-content\/uploads\/2019\/09\/autohaus_einicke-1280x785.jpg 1280w, https:\/\/2-lions.de\/wp-content\/uploads\/2019\/09\/autohaus_einicke-705x432.jpg 705w, https:\/\/2-lions.de\/wp-content\/uploads\/2019\/09\/autohaus_einicke-450x276.jpg 450w\" sizes=\"(max-width: 1370px) 100vw, 1370px\" \/>\n        <\/a>    <\/div>\n<\/div>\n\n<figcaption class=\"vp-portfolio__item-overlay vp-portfolio__item-align-center\">\n    <div class=\"vp-portfolio__item-meta-wrap vp-portfolio__custom-scrollbar\">\n        <a  href=\"https:\/\/2-lions.de\/home\/ford-autohaus-einicke\/\" tabindex=\"-1\" class=\"vp-portfolio__item-meta\" >\n        \n<h2 class=\"vp-portfolio__item-meta-title\">\n    Autohaus Einicke<\/h2>\n\n        <\/a>    <\/div>\n<\/figcaption>\n            <\/figure>\n                    <\/div>\n        \n        <div class=\"vp-portfolio__item-wrap vp-portfolio__item-uid-b555f71d\" data-vp-filter=\"\">\n                                    <figure class=\"vp-portfolio__item\">\n                \n<div class=\"vp-portfolio__item-img-wrap\">\n    <div class=\"vp-portfolio__item-img\">\n        <a  href=\"https:\/\/2-lions.de\/home\/edeka-2\/\" >\n        <img width=\"1370\" height=\"840\" src=\"https:\/\/2-lions.de\/wp-content\/uploads\/2019\/09\/edeka.jpg\" class=\"wp-image-1311\" alt=\"\" loading=\"lazy\" srcset=\"https:\/\/2-lions.de\/wp-content\/uploads\/2019\/09\/edeka.jpg 1370w, https:\/\/2-lions.de\/wp-content\/uploads\/2019\/09\/edeka-300x184.jpg 300w, https:\/\/2-lions.de\/wp-content\/uploads\/2019\/09\/edeka-768x471.jpg 768w, https:\/\/2-lions.de\/wp-content\/uploads\/2019\/09\/edeka-1030x632.jpg 1030w, https:\/\/2-lions.de\/wp-content\/uploads\/2019\/09\/edeka-500x307.jpg 500w, https:\/\/2-lions.de\/wp-content\/uploads\/2019\/09\/edeka-800x491.jpg 800w, https:\/\/2-lions.de\/wp-content\/uploads\/2019\/09\/edeka-1280x785.jpg 1280w, https:\/\/2-lions.de\/wp-content\/uploads\/2019\/09\/edeka-705x432.jpg 705w, https:\/\/2-lions.de\/wp-content\/uploads\/2019\/09\/edeka-450x276.jpg 450w\" sizes=\"(max-width: 1370px) 100vw, 1370px\" \/>\n        <\/a>    <\/div>\n<\/div>\n\n<figcaption class=\"vp-portfolio__item-overlay vp-portfolio__item-align-center\">\n    <div class=\"vp-portfolio__item-meta-wrap vp-portfolio__custom-scrollbar\">\n        <a  href=\"https:\/\/2-lions.de\/home\/edeka-2\/\" tabindex=\"-1\" class=\"vp-portfolio__item-meta\" >\n        \n<h2 class=\"vp-portfolio__item-meta-title\">\n    EDEKA Weissenfels<\/h2>\n\n        <\/a>    <\/div>\n<\/figcaption>\n            <\/figure>\n                    <\/div>\n        \n<\/div>\n        <\/div>\n        \n<\/div>\n\n<h1>Kontaktieren Sie Uns<\/h1>\n<div role=\"form\" class=\"wpcf7\" id=\"wpcf7-f1052-o1\" lang=\"de-DE\" dir=\"ltr\">\n<div class=\"screen-reader-response\"><p role=\"status\" aria-live=\"polite\" aria-atomic=\"true\"><\/p> <ul><\/ul><\/div>\n<form action=\"\/home\/wp-json\/wp\/v2\/pages\/1596#wpcf7-f1052-o1\" method=\"post\" class=\"wpcf7-form init\" novalidate=\"novalidate\" data-status=\"init\">\n<div style=\"display: none;\">\n<input type=\"hidden\" name=\"_wpcf7\" value=\"1052\" \/>\n<input type=\"hidden\" name=\"_wpcf7_version\" value=\"5.6\" \/>\n<input type=\"hidden\" name=\"_wpcf7_locale\" value=\"de_DE\" \/>\n<input type=\"hidden\" name=\"_wpcf7_unit_tag\" value=\"wpcf7-f1052-o1\" \/>\n<input type=\"hidden\" name=\"_wpcf7_container_post\" value=\"0\" \/>\n<input type=\"hidden\" name=\"_wpcf7_posted_data_hash\" value=\"\" \/>\n<\/div>\n<fieldset class=\"avia-builder-el-39  avia-builder-el-no-sibling  av-custom-form-color av-light-form\">\n<p class=\"first_form  form_element form_fullwidth\"><span class=\"wpcf7-form-control-wrap\" data-name=\"your-name\"><input type=\"text\" name=\"your-name\" value=\"\" size=\"40\" class=\"wpcf7-form-control wpcf7-text wpcf7-validates-as-required text_input\" id=\"avia_1_1\" aria-required=\"true\" aria-invalid=\"false\" placeholder=\"Name *\" \/><\/span><\/p>\n<p class=\"first_form  form_element form_fullwidth\"><span class=\"wpcf7-form-control-wrap\" data-name=\"your-email\"><input type=\"email\" name=\"your-email\" value=\"\" size=\"40\" class=\"wpcf7-form-control wpcf7-text wpcf7-email wpcf7-validates-as-required wpcf7-validates-as-email text_input\" aria-required=\"true\" aria-invalid=\"false\" placeholder=\"E-Mail *\" \/><\/span><\/p>\n<p class=\"first_form  form_element form_fullwidth\"><span class=\"wpcf7-form-control-wrap\" data-name=\"your-message\"><textarea name=\"your-message\" cols=\"40\" rows=\"7\" class=\"wpcf7-form-control wpcf7-textarea wpcf7-validates-as-required text_area\" aria-required=\"true\" aria-invalid=\"false\" placeholder=\"Ihre Nachricht *\"><\/textarea><\/span><\/p>\n<p class=\"first_form  form_element form_fullwidth\"><span class=\"wpcf7-form-control-wrap\" data-name=\"acceptance-222\"><span class=\"wpcf7-form-control wpcf7-acceptance\"><span class=\"wpcf7-list-item\"><label><input type=\"checkbox\" name=\"acceptance-222\" value=\"1\" aria-invalid=\"false\" \/><span class=\"wpcf7-list-item-label\"><label class=\"input_checkbox_label\" for=\"acceptance-222\">\nSie akzeptieren die <a href=\"https:\/\/2-lions.de\/home\/datenschutzerklaerung\/\">Datenschutzerkl\u00e4rung<\/a> und erkl\u00e4ren sich einverstanden, Sie kontaktieren zu d\u00fcrfen. Nur bei Setzen des H\u00e4kchens wird das Formular gesendet. *<\/label><\/span><\/label><\/span><\/span><\/span><\/p>\n<p class=\"form_element\">\n<input type=\"submit\" value=\"Senden\" class=\"wpcf7-form-control has-spinner wpcf7-submit\" \/>\n<\/p>\n<\/fieldset>\n<div class=\"wpcf7-response-output\" aria-hidden=\"true\"><\/div><\/form><\/div>\n<h2>Adresse<\/h2>\n<p>Markgrafenstr. 204109 Leipzig<\/p>\n<h2>Kontakt<\/h2>\n<p>office@2-lions.de0341 250 766 52<\/p>\n","protected":false},"excerpt":{"rendered":"<p>2 LIONS Vernetzung. Kommunikation. Erlebnisse. Hungrig auf die Jagd Wie alle L\u00f6wen lieben auch wir die Aufmerksamkeit \u2013 vor allem die, die die Kunden unserer Kunden unseren Kunden schenken. Oder anders gesagt: Wir tun alles, damit unsere Kunden die Aufmerksamkeit bekommen, die sie verdienen, um Umsatz und Ergebnis zu steigern \u2013 und zwar nachhaltig. Die [&hellip;]<\/p>\n","protected":false},"author":6,"featured_media":0,"parent":0,"menu_order":0,"comment_status":"closed","ping_status":"closed","template":"template-page-builder.php","meta":{"_vp_format_video_url":"","_vp_image_focal_point":[]},"_links":{"self":[{"href":"https:\/\/2-lions.de\/home\/wp-json\/wp\/v2\/pages\/1596"}],"collection":[{"href":"https:\/\/2-lions.de\/home\/wp-json\/wp\/v2\/pages"}],"about":[{"href":"https:\/\/2-lions.de\/home\/wp-json\/wp\/v2\/types\/page"}],"author":[{"embeddable":true,"href":"https:\/\/2-lions.de\/home\/wp-json\/wp\/v2\/users\/6"}],"replies":[{"embeddable":true,"href":"https:\/\/2-lions.de\/home\/wp-json\/wp\/v2\/comments?post=1596"}],"version-history":[{"count":135,"href":"https:\/\/2-lions.de\/home\/wp-json\/wp\/v2\/pages\/1596\/revisions"}],"predecessor-version":[{"id":2336,"href":"https:\/\/2-lions.de\/home\/wp-json\/wp\/v2\/pages\/1596\/revisions\/2336"}],"wp:attachment":[{"href":"https:\/\/2-lions.de\/home\/wp-json\/wp\/v2\/media?parent=1596"}],"curies":[{"name":"wp","href":"https:\/\/api.w.org\/{rel}","templated":true}]}}