{"id":1783,"date":"2019-12-12T11:44:27","date_gmt":"2019-12-12T10:44:27","guid":{"rendered":"https:\/\/2-lions.de\/home\/?page_id=1783"},"modified":"2020-01-14T10:45:03","modified_gmt":"2020-01-14T09:45:03","slug":"ingenieurbuero-zeisig","status":"publish","type":"page","link":"https:\/\/2-lions.de\/home\/ingenieurbuero-zeisig\/","title":{"rendered":"Ingenieurb\u00fcro Zeisig"},"content":{"rendered":"<h1 style=\"text-align: center;\"><a href=\"https:\/\/2-lions.de\/wp-admin\/post.php?post=1783&amp;action=edit\">Ingenieurb\u00fcro Zeisig<\/a><\/h1>\n<p style=\"text-align: center;\">Die erfolgreiche Suche nach qualifizierten Mitarbeitern geh\u00f6rt mittlerweile zu den gr\u00f6\u00dften Herausforderungen f\u00fcr Unternehmen. Wer offene Stellen z\u00fcgig und nachhaltig besetzen m\u00f6chte, kommt in unserer digitalen Welt am Einsatz moderner Personalmarketing-Ma\u00dfnahmen nicht mehr vorbei.<\/p>\n<p style=\"text-align: center;\">Eine klare Sache auch f\u00fcr das Ingenieurb\u00fcro Zeisig: Durch den Einsatz aussagekr\u00e4ftiger Recruiting-Videos, die potentiellen Mitarbeitern das Unternehmen hautnah vorstellen, konnte im Anschluss an unsere Produktionen sogar schon ein Mitarbeiter eingestellt werden.<\/p>\n","protected":false},"excerpt":{"rendered":"<p>Ingenieurb\u00fcro Zeisig Die erfolgreiche Suche nach qualifizierten Mitarbeitern geh\u00f6rt mittlerweile zu den gr\u00f6\u00dften Herausforderungen f\u00fcr Unternehmen. Wer offene Stellen z\u00fcgig und nachhaltig besetzen m\u00f6chte, kommt in unserer digitalen Welt am Einsatz moderner Personalmarketing-Ma\u00dfnahmen nicht mehr vorbei. Eine klare Sache auch f\u00fcr das Ingenieurb\u00fcro Zeisig: Durch den Einsatz aussagekr\u00e4ftiger Recruiting-Videos, die potentiellen Mitarbeitern das Unternehmen hautnah [&hellip;]<\/p>\n","protected":false},"author":6,"featured_media":0,"parent":0,"menu_order":0,"comment_status":"closed","ping_status":"closed","template":"","meta":{"_vp_format_video_url":"","_vp_image_focal_point":[]},"_links":{"self":[{"href":"https:\/\/2-lions.de\/home\/wp-json\/wp\/v2\/pages\/1783"}],"collection":[{"href":"https:\/\/2-lions.de\/home\/wp-json\/wp\/v2\/pages"}],"about":[{"href":"https:\/\/2-lions.de\/home\/wp-json\/wp\/v2\/types\/page"}],"author":[{"embeddable":true,"href":"https:\/\/2-lions.de\/home\/wp-json\/wp\/v2\/users\/6"}],"replies":[{"embeddable":true,"href":"https:\/\/2-lions.de\/home\/wp-json\/wp\/v2\/comments?post=1783"}],"version-history":[{"count":7,"href":"https:\/\/2-lions.de\/home\/wp-json\/wp\/v2\/pages\/1783\/revisions"}],"predecessor-version":[{"id":1835,"href":"https:\/\/2-lions.de\/home\/wp-json\/wp\/v2\/pages\/1783\/revisions\/1835"}],"wp:attachment":[{"href":"https:\/\/2-lions.de\/home\/wp-json\/wp\/v2\/media?parent=1783"}],"curies":[{"name":"wp","href":"https:\/\/api.w.org\/{rel}","templated":true}]}}