{"id":2,"date":"2018-07-01T11:47:06","date_gmt":"2018-07-01T09:47:06","guid":{"rendered":"http:\/\/2-lions.de\/?page_id=2"},"modified":"2020-01-14T10:46:05","modified_gmt":"2020-01-14T09:46:05","slug":"sachsenquelle","status":"publish","type":"page","link":"https:\/\/2-lions.de\/home\/sachsenquelle\/","title":{"rendered":"Sachsenquelle"},"content":{"rendered":"<h1 style=\"text-align: center;\">Sachsenquelle<\/h1>\n<p style=\"text-align: center;\">In Sachen Sponsoring-Aktivierung begleitete uns der mitteldeutsche Getr\u00e4nke-Hersteller Sachsenquelle auf neuen Wegen im Cross-Channel-Marketing: Die emotionalen Werbespots, die im Rahmen unserer Zusammenarbeit entstanden sind, wurden auf Veranstaltungen, in den sozialen Medien und im Kino ausgespielt.<\/p>\n<p style=\"text-align: center;\">Sie sorgten nicht nur f\u00fcr Begeisterung bei den Zuschauern, sondern erzielten auch eine au\u00dfergew\u00f6hnlich hohe Aufmerksamkeit f\u00fcr das Unternehmen und den Sport in unserer Region.<\/p>\n","protected":false},"excerpt":{"rendered":"<p>Sachsenquelle In Sachen Sponsoring-Aktivierung begleitete uns der mitteldeutsche Getr\u00e4nke-Hersteller Sachsenquelle auf neuen Wegen im Cross-Channel-Marketing: Die emotionalen Werbespots, die im Rahmen unserer Zusammenarbeit entstanden sind, wurden auf Veranstaltungen, in den sozialen Medien und im Kino ausgespielt. Sie sorgten nicht nur f\u00fcr Begeisterung bei den Zuschauern, sondern erzielten auch eine au\u00dfergew\u00f6hnlich hohe Aufmerksamkeit f\u00fcr das Unternehmen [&hellip;]<\/p>\n","protected":false},"author":1,"featured_media":535,"parent":0,"menu_order":0,"comment_status":"closed","ping_status":"closed","template":"","meta":{"_vp_format_video_url":"","_vp_image_focal_point":[]},"_links":{"self":[{"href":"https:\/\/2-lions.de\/home\/wp-json\/wp\/v2\/pages\/2"}],"collection":[{"href":"https:\/\/2-lions.de\/home\/wp-json\/wp\/v2\/pages"}],"about":[{"href":"https:\/\/2-lions.de\/home\/wp-json\/wp\/v2\/types\/page"}],"author":[{"embeddable":true,"href":"https:\/\/2-lions.de\/home\/wp-json\/wp\/v2\/users\/1"}],"replies":[{"embeddable":true,"href":"https:\/\/2-lions.de\/home\/wp-json\/wp\/v2\/comments?post=2"}],"version-history":[{"count":23,"href":"https:\/\/2-lions.de\/home\/wp-json\/wp\/v2\/pages\/2\/revisions"}],"predecessor-version":[{"id":1838,"href":"https:\/\/2-lions.de\/home\/wp-json\/wp\/v2\/pages\/2\/revisions\/1838"}],"wp:featuredmedia":[{"embeddable":true,"href":"https:\/\/2-lions.de\/home\/wp-json\/wp\/v2\/media\/535"}],"wp:attachment":[{"href":"https:\/\/2-lions.de\/home\/wp-json\/wp\/v2\/media?parent=2"}],"curies":[{"name":"wp","href":"https:\/\/api.w.org\/{rel}","templated":true}]}}